{"id":110,"date":"2025-11-02T11:40:58","date_gmt":"2025-11-02T14:40:58","guid":{"rendered":"https:\/\/dego.news\/?page_id=110"},"modified":"2025-11-02T11:41:01","modified_gmt":"2025-11-02T14:41:01","slug":"feeds","status":"publish","type":"page","link":"https:\/\/dego.news\/","title":{"rendered":"Feeds"},"content":{"rendered":"<div class=\"feedzy-5d9891e12e1e2f9fad38a6eb5783d258 feedzy-rss\">\n\t\t\t<div class=\"rss_header\">\n\t\t\t<h2>\n\t\t\t\t<a href=\"\" class=\"rss_title\" rel=\"noopener\">\n\t\t\t\t\t\t\t\t\t<\/a>\n\t\t\t\t<span class=\"rss_description\">\n\t\t\t\t\t\t\t<\/span>\n\t\t\t<\/h2>\n\t\t<\/div>\n\t\t<ul class=\"feedzy-default\">\n\t\t\t\t\t<li  style=\"padding: 15px 0 25px\" class=\"rss_item feedzy-rss-col-1\" >\n\t\t\t\t\t\t\t\t\t<span class=\"title\">\n\t\t\t\t\t\t<a href=\"https:\/\/www.reddit.com\/r\/pirataria\/comments\/1seger9\/convite_legendasdivx\/\" target=\"_blank\"  rel=\"noopener \">\n\t\t\t\t\t\t\tConvite legendasdivx\t\t\t\t\t\t<\/a>\n\t\t\t\t\t<\/span>\n\t\t\t\t\t<div class=\"rss_content\"\n\t\t\t\t\t\tstyle=\"\">\n\n\t\t\t\t\t\t\t\t\t\t\t\t\t<small>\n\t\t\t\t\t\t\t\tby <a href=\"\/\/www.reddit.com\" target=\"_blank\" title=\"www.reddit.com\">\/u\/AJYURH<\/a> on 07\/04\/2026 at 12:18 am \t\t\t\t\t\t\t<\/small>\n\t\t\t\t\t\t\n\t\t\t\t\t\t\t\t\t\t\t\t\t<p>Ol\u00e1 pessoal! Estou finalizando meu home server e estou precisando de um convite para configurar o Bazarr, coloquei outros provedores mas ainda estou com dificuldade para algumas legendas! Muito obrigado! PS: Tambem n\u00e3o estou conseguindo configurar um certo indexador no Prowlarr, flaresolverr identifica o desafio e declara que resolveu o mesmo, mas continuo recebendo o cloudfare error, alguma ideia?    submitted by    \/u\/AJYURH   [link]   [comments]<\/p>\n\t\t\t\t\t\t\n\t\t\t\t\t\t\t\t\t\t\t<\/div>\n\t\t\t<\/li>\n\t\t\t\t\t\t<li  style=\"padding: 15px 0 25px\" class=\"rss_item feedzy-rss-col-1\" >\n\t\t\t\t\t\t\t\t\t<span class=\"title\">\n\t\t\t\t\t\t<a href=\"https:\/\/www.reddit.com\/r\/pirataria\/comments\/1sefdr6\/pirataria_sempre\/\" target=\"_blank\"  rel=\"noopener \">\n\t\t\t\t\t\t\tPirataria sempre??\t\t\t\t\t\t<\/a>\n\t\t\t\t\t<\/span>\n\t\t\t\t\t<div class=\"rss_content\"\n\t\t\t\t\t\tstyle=\"\">\n\n\t\t\t\t\t\t\t\t\t\t\t\t\t<small>\n\t\t\t\t\t\t\t\tby <a href=\"\/\/www.reddit.com\" target=\"_blank\" title=\"www.reddit.com\">\/u\/Aztarium<\/a> on 06\/04\/2026 at 11:35 pm \t\t\t\t\t\t\t<\/small>\n\t\t\t\t\t\t\n\t\t\t\t\t\t\t\t\t\t\t\t\t<p>Gente, eu estava me questionando &#8220;filosoficamente&#8221; sobre a pirataria, e eu gostaria de saber a opiniao de vcs tambem. Seguinte, eu me lembro ate hoje que o primeiro anime que eu vi era &#8220;Hellsing&#8221;, que um primo meu descolou num CD na escola com um colega japones, porra, se nao fosse pela pirataria, eu nunca teria assistido aquela bagaca que eh tribom. A pirataria barateia a distribuicao, quebra barreiras pq vc consegue consumir tudo o que vc deseja, e nao so o que vc consegue custear, muita das vezes. Enfim, eh tudo de bom &#8211; eu fico pensando como seria a situacao num pais que tem uma regulamentacao mais &#8220;fechada&#8221; pra isso, tipo uma alemanha ou espanha da vida. Eu nao consigo conceber, fico pensando se la eu compraria e seguiria tudo a risca, ou alugava uma vpn e tacava o fodase, o lance eh que eu acho conseguir dinheiro algo mt dificil, especialmente pra alguem com disfuncao executiva que nem eu. Eu nao gasto dinheiro com curso na udemy, nao gasto dinheiro com anime\/filme, nao gasto dinheiro com livro, tudo o que eu tenho eh hardware pra sabugar o que eu quero consumir, entao fica a questao: se vc pudesse pagar e nao te pesasse tanto no bolso, vc faria? eu creio que eu nao.    submitted by    \/u\/Aztarium   [link]   [comments]<\/p>\n\t\t\t\t\t\t\n\t\t\t\t\t\t\t\t\t\t\t<\/div>\n\t\t\t<\/li>\n\t\t\t\t\t\t<li  style=\"padding: 15px 0 25px\" class=\"rss_item feedzy-rss-col-1\" >\n\t\t\t\t\t\t\t\t\t<div class=\"rss_image\" style=\"height:150px;width:150px;\">\n\t\t\t\t\t\t<a href=\"https:\/\/pablo.space\/1208-pro\/\" target=\"_blank\" \n\t\t\t\t\t\t\trel=\"noopener \"\n\t\t\t\t\t\t\ttitle=\"1208.pro\"\n\t\t\t\t\t\t\tstyle=\"height:150px;width:150px;\">\n\t\t\t\t\t\t\t<img decoding=\"async\" src=\"https:\/\/pablo.space\/content\/images\/2026\/04\/ChatGPT-Image-6-de-abr.-de-2026--20_11_36.png\" title=\"1208.pro\" style=\"height:150px;width:150px\">\t\t\t\t\t\t<\/a>\n\t\t\t\t\t<\/div>\n\t\t\t\t\t\t\t\t\t<span class=\"title\">\n\t\t\t\t\t\t<a href=\"https:\/\/pablo.space\/1208-pro\/\" target=\"_blank\"  rel=\"noopener \">\n\t\t\t\t\t\t\t1208.pro\t\t\t\t\t\t<\/a>\n\t\t\t\t\t<\/span>\n\t\t\t\t\t<div class=\"rss_content\"\n\t\t\t\t\t\tstyle=\"\">\n\n\t\t\t\t\t\t\t\t\t\t\t\t\t<small>\n\t\t\t\t\t\t\t\tby <a href=\"\/\/pablo.space\" target=\"_blank\" title=\"pablo.space\">Pablo Murad<\/a> on 06\/04\/2026 at 11:12 pm \t\t\t\t\t\t\t<\/small>\n\t\t\t\t\t\t\n\t\t\t\t\t\t\t\t\t\t\t\t\t<p>Mais tutoriais, mais pessoal. Um novo blog para dissertar sobre andamento dos projetos&#8230;<\/p>\n\t\t\t\t\t\t\n\t\t\t\t\t\t\t\t\t\t\t<\/div>\n\t\t\t<\/li>\n\t\t\t\t\t\t<li  style=\"padding: 15px 0 25px\" class=\"rss_item feedzy-rss-col-1\" >\n\t\t\t\t\t\t\t\t\t<div class=\"rss_image\" style=\"height:150px;width:150px;\">\n\t\t\t\t\t\t<a href=\"https:\/\/www.makeuseof.com\/dont-buy-tv-in-2026-without-these-features-youll-regret-within-year\/\" target=\"_blank\" \n\t\t\t\t\t\t\trel=\"noopener \"\n\t\t\t\t\t\t\ttitle=\"Don&#039;t buy a TV in 2026 without these features \u2014 you&#039;ll regret it within a year\"\n\t\t\t\t\t\t\tstyle=\"height:150px;width:150px;\">\n\t\t\t\t\t\t\t<img decoding=\"async\" src=\"https:\/\/static0.makeuseofimages.com\/wordpress\/wp-content\/uploads\/wm\/2026\/03\/a-bluetooth-remote-connected-to-a-tv.jpg\" title=\"Don&#039;t buy a TV in 2026 without these features \u2014 you&#039;ll regret it within a year\" style=\"height:150px;width:150px\">\t\t\t\t\t\t<\/a>\n\t\t\t\t\t<\/div>\n\t\t\t\t\t\t\t\t\t<span class=\"title\">\n\t\t\t\t\t\t<a href=\"https:\/\/www.makeuseof.com\/dont-buy-tv-in-2026-without-these-features-youll-regret-within-year\/\" target=\"_blank\"  rel=\"noopener \">\n\t\t\t\t\t\t\tDon&#8217;t buy a TV in 2026 without these features \u2014 you&#8217;ll regret it within a year\t\t\t\t\t\t<\/a>\n\t\t\t\t\t<\/span>\n\t\t\t\t\t<div class=\"rss_content\"\n\t\t\t\t\t\tstyle=\"\">\n\n\t\t\t\t\t\t\t\t\t\t\t\t\t<small>\n\t\t\t\t\t\t\t\tby <a href=\"\/\/www.makeuseof.com\" target=\"_blank\" title=\"www.makeuseof.com\">Christine Persaud<\/a> on 06\/04\/2026 at 11:00 pm \t\t\t\t\t\t\t<\/small>\n\t\t\t\t\t\t\n\t\t\t\t\t\t\t\t\t\t\t\t\t<p>If you&#8217;re buying a new TV in 2026, there are a few specific features you should make sure it has beyond the most obvious ones.<\/p>\n\t\t\t\t\t\t\n\t\t\t\t\t\t\t\t\t\t\t<\/div>\n\t\t\t<\/li>\n\t\t\t\t\t\t<li  style=\"padding: 15px 0 25px\" class=\"rss_item feedzy-rss-col-1\" >\n\t\t\t\t\t\t\t\t\t<span class=\"title\">\n\t\t\t\t\t\t<a href=\"https:\/\/www.reddit.com\/r\/pirataria\/comments\/1sedgx7\/como_baixar_certo_app_de_edi%C3%A7%C3%A3o_famoso_a%C3%AD_de_gra%C3%A7a\/\" target=\"_blank\"  rel=\"noopener \">\n\t\t\t\t\t\t\tComo baixar certo app de Edi\u00e7\u00e3o famoso a\u00ed de gra\u00e7a?\t\t\t\t\t\t<\/a>\n\t\t\t\t\t<\/span>\n\t\t\t\t\t<div class=\"rss_content\"\n\t\t\t\t\t\tstyle=\"\">\n\n\t\t\t\t\t\t\t\t\t\t\t\t\t<small>\n\t\t\t\t\t\t\t\tby <a href=\"\/\/www.reddit.com\" target=\"_blank\" title=\"www.reddit.com\">\/u\/TheNgzeetos<\/a> on 06\/04\/2026 at 10:17 pm \t\t\t\t\t\t\t<\/small>\n\t\t\t\t\t\t\n\t\t\t\t\t\t\t\t\t\t\t\t\t<p>Vi falar de usar um tal de GenP, mas o subreddit deles caiu Se algu\u00e9m puder ajudar de forma atualizada, eu agradeceria muito E tamb\u00e9m tem que ser confi\u00e1vel, por favor, n\u00e3o vou baixar nada de um site chines    submitted by    \/u\/TheNgzeetos   [link]   [comments]<\/p>\n\t\t\t\t\t\t\n\t\t\t\t\t\t\t\t\t\t\t<\/div>\n\t\t\t<\/li>\n\t\t\t\t<\/ul>\n<\/div>\n<style type=\"text\/css\" media=\"all\">.feedzy-rss .rss_item .rss_image{float:left;position:relative;border:none;text-decoration:none;max-width:100%}.feedzy-rss .rss_item .rss_image span{display:inline-block;position:absolute;width:100%;height:100%;background-position:50%;background-size:cover}.feedzy-rss .rss_item .rss_image{margin:.3em 1em 0 0;content-visibility:auto}.feedzy-rss ul{list-style:none}.feedzy-rss ul li{display:inline-block}<\/style>","protected":false},"excerpt":{"rendered":"","protected":false},"author":1,"featured_media":0,"parent":0,"menu_order":0,"comment_status":"closed","ping_status":"closed","template":"","meta":{"footnotes":""},"class_list":["post-110","page","type-page","status-publish"],"_links":{"self":[{"href":"https:\/\/dego.news\/index.php?rest_route=\/wp\/v2\/pages\/110","targetHints":{"allow":["GET"]}}],"collection":[{"href":"https:\/\/dego.news\/index.php?rest_route=\/wp\/v2\/pages"}],"about":[{"href":"https:\/\/dego.news\/index.php?rest_route=\/wp\/v2\/types\/page"}],"author":[{"embeddable":true,"href":"https:\/\/dego.news\/index.php?rest_route=\/wp\/v2\/users\/1"}],"replies":[{"embeddable":true,"href":"https:\/\/dego.news\/index.php?rest_route=%2Fwp%2Fv2%2Fcomments&post=110"}],"version-history":[{"count":1,"href":"https:\/\/dego.news\/index.php?rest_route=\/wp\/v2\/pages\/110\/revisions"}],"predecessor-version":[{"id":111,"href":"https:\/\/dego.news\/index.php?rest_route=\/wp\/v2\/pages\/110\/revisions\/111"}],"wp:attachment":[{"href":"https:\/\/dego.news\/index.php?rest_route=%2Fwp%2Fv2%2Fmedia&parent=110"}],"curies":[{"name":"wp","href":"https:\/\/api.w.org\/{rel}","templated":true}]}}